{"id":52,"date":"2024-01-17T10:27:23","date_gmt":"2024-01-17T10:27:23","guid":{"rendered":"https:\/\/estudiodanzacamino.com\/?page_id=52"},"modified":"2024-03-01T10:29:53","modified_gmt":"2024-03-01T10:29:53","slug":"estudio-de-danza-camino","status":"publish","type":"page","link":"https:\/\/estudiodanzacamino.com\/accesible\/estudio-de-danza-camino\/","title":{"rendered":"Estudio de Danza Camino"},"content":{"rendered":"<h2>Escuela de danza y baile en Pamplona<\/h2>\n<p>El Estudio de Danza Camino es una escuela especializada en la formaci\u00f3n de ni\u00f1os y adolescentes, nuestro objetivo es conseguir que los alumnos se diviertan y sean felices bailando. En nuestra escuela encontraras un gran diversidad de estilos; Baile moderno, Hip Hop, Comercial Dance, Ballet Cl\u00e1sico\u2026 Y para los m\u00e1s peque\u00f1os de la casa Psicomotricidad, ritmos infantiles, ballet cl\u00e1sico y varias modalidades. Las clases se realizan en un ambiente familiar, donde los alumnos disfrutan, se divierten y aprenden, lo que contribuye a su desarrollo integral.<\/p>\n<h3>Ven y prueba una semana totalmente gratis.<\/h3>\n<p>Te invito a disfrutar de este mundo m\u00e1gico que es el baile.<\/p>\n<h2>M\u00e9todo propio de ense\u00f1anza desde hace m\u00e1s de 25 a\u00f1os<\/h2>\n<p>En Danza Camino contamos con un m\u00e9todo propio de ense\u00f1anza desde hace m\u00e1s de 25 a\u00f1os, que hace que los ni\u00f1os\/as aprendan a bailar de manera sencilla y divertida, ya que se adapta a las necesidades de cada grupo por edad. Lo m\u00e1s importante del m\u00e9todo es que cada alumno realice la actividad con ni\u00f1os de su misma edad, asegurando su desarrollo y fomentando su interacci\u00f3n y su socializaci\u00f3n, todo ello en un ambiente familiar, respetuoso y grupal, reconociendo la individualidad y fortaleza de cada alumno, transmiti\u00e9ndoles que todos somos \u00fanicos y especiales.<\/p>\n<p>Mis mejores deseos para todos que visiten esta p\u00e1gina y quieran formar parte de esta gran familia.<\/p>\n<h3>Camino Ondarra<\/h3>\n<p><em>Profesora titulada especializada y bailarina profesional con m\u00e1s de quince a\u00f1os de estudio y profesionalmente con m\u00e1s de veinte cinco a\u00f1os de experiencia.<\/em><\/p>\n<p><em>Con formaci\u00f3n especialmente dirigida a ni\u00f1os por mi gran sensibilidad hacia ellos y su gran plasticidad, as\u00ed como en diferentes estilos de bailes. Para ello cuento con los mejores profesores que me apoyan, formando un gran equipo y como no, de la implicaci\u00f3n de muchas mamis y papis y familiares que quieren aportar su colaboraci\u00f3n.<\/em><\/p>\n","protected":false},"excerpt":{"rendered":"<p>Escuela de danza y baile en Pamplona El Estudio de Danza Camino es una escuela especializada en la formaci\u00f3n de [&hellip;]<\/p>\n","protected":false},"author":1,"featured_media":0,"parent":0,"menu_order":0,"comment_status":"closed","ping_status":"closed","template":"","meta":{"site-sidebar-layout":"no-sidebar","site-content-layout":"","ast-site-content-layout":"normal-width-container","site-content-style":"boxed","site-sidebar-style":"default","ast-global-header-display":"","ast-banner-title-visibility":"","ast-main-header-display":"","ast-hfb-above-header-display":"","ast-hfb-below-header-display":"","ast-hfb-mobile-header-display":"","site-post-title":"","ast-breadcrumbs-content":"","ast-featured-img":"","footer-sml-layout":"","theme-transparent-header-meta":"default","adv-header-id-meta":"","stick-header-meta":"","header-above-stick-meta":"","header-main-stick-meta":"","header-below-stick-meta":"","astra-migrate-meta-layouts":"set","ast-page-background-enabled":"default","ast-page-background-meta":{"desktop":{"background-color":"var(--ast-global-color-4)","background-image":"","background-repeat":"repeat","background-position":"center center","background-size":"auto","background-attachment":"scroll","background-type":"","background-media":"","overlay-type":"","overlay-color":"","overlay-gradient":""},"tablet":{"background-color":"","background-image":"","background-repeat":"repeat","background-position":"center center","background-size":"auto","background-attachment":"scroll","background-type":"","background-media":"","overlay-type":"","overlay-color":"","overlay-gradient":""},"mobile":{"background-color":"","background-image":"","background-repeat":"repeat","background-position":"center center","background-size":"auto","background-attachment":"scroll","background-type":"","background-media":"","overlay-type":"","overlay-color":"","overlay-gradient":""}},"ast-content-background-meta":{"desktop":{"background-color":"var(--ast-global-color-5)","background-image":"","background-repeat":"repeat","background-position":"center center","background-size":"auto","background-attachment":"scroll","background-type":"","background-media":"","overlay-type":"","overlay-color":"","overlay-gradient":""},"tablet":{"background-color":"var(--ast-global-color-5)","background-image":"","background-repeat":"repeat","background-position":"center center","background-size":"auto","background-attachment":"scroll","background-type":"","background-media":"","overlay-type":"","overlay-color":"","overlay-gradient":""},"mobile":{"background-color":"var(--ast-global-color-5)","background-image":"","background-repeat":"repeat","background-position":"center center","background-size":"auto","background-attachment":"scroll","background-type":"","background-media":"","overlay-type":"","overlay-color":"","overlay-gradient":""}},"footnotes":""},"_links":{"self":[{"href":"https:\/\/estudiodanzacamino.com\/accesible\/wp-json\/wp\/v2\/pages\/52"}],"collection":[{"href":"https:\/\/estudiodanzacamino.com\/accesible\/wp-json\/wp\/v2\/pages"}],"about":[{"href":"https:\/\/estudiodanzacamino.com\/accesible\/wp-json\/wp\/v2\/types\/page"}],"author":[{"embeddable":true,"href":"https:\/\/estudiodanzacamino.com\/accesible\/wp-json\/wp\/v2\/users\/1"}],"replies":[{"embeddable":true,"href":"https:\/\/estudiodanzacamino.com\/accesible\/wp-json\/wp\/v2\/comments?post=52"}],"version-history":[{"count":18,"href":"https:\/\/estudiodanzacamino.com\/accesible\/wp-json\/wp\/v2\/pages\/52\/revisions"}],"predecessor-version":[{"id":406,"href":"https:\/\/estudiodanzacamino.com\/accesible\/wp-json\/wp\/v2\/pages\/52\/revisions\/406"}],"wp:attachment":[{"href":"https:\/\/estudiodanzacamino.com\/accesible\/wp-json\/wp\/v2\/media?parent=52"}],"curies":[{"name":"wp","href":"https:\/\/api.w.org\/{rel}","templated":true}]}}