{"id":66,"date":"2024-01-17T10:39:12","date_gmt":"2024-01-17T10:39:12","guid":{"rendered":"https:\/\/estudiodanzacamino.com\/?page_id=66"},"modified":"2024-03-01T09:49:04","modified_gmt":"2024-03-01T09:49:04","slug":"estilos","status":"publish","type":"page","link":"https:\/\/estudiodanzacamino.com\/accesible\/estilos\/","title":{"rendered":"Estilos"},"content":{"rendered":"<h2>Baby 3 a 5 a\u00f1os<\/h2>\n<ul>\n<li>Psicomotricidad<\/li>\n<li>Ritmos infantiles<\/li>\n<li>Ballet cl\u00e1sico y baile moderno<\/li>\n<\/ul>\n<p>Su objetivo, disfrutar, el nuestro; que sean felices bailando. Aqu\u00ed es donde los m\u00e1s peques de la casa empiezan a descubrir la Danza, el movimiento y la musicalidad. Empieza a conocer su cuerpo a trav\u00e9s de los estiramientos, trabajan su coordinaci\u00f3n a trav\u00e9s de los pasos de baile. Descubrir como entender y contar la m\u00fasica y les vamos introduciendo poco a poco en la t\u00e9cnica b\u00e1sica del baile o de la danza, mediante ejercicios divertidos que nos permiten captar su atenci\u00f3n sin que ellos se sientan presionados.<\/p>\n<p>Llamar su atenci\u00f3n cambiando de estilos de m\u00fasicas (cl\u00e1sicas, modernas) y as\u00ed en la parte de la clase m\u00e1s coreogr\u00e1fica tendr\u00e1n ellos la oportunidad de saber expresar los movimientos al ritmo de la m\u00fasica, haciendo que se sientan unos verdaderos artistas.<\/p>\n<h2>Infantil 6 8 a\u00f1os<\/h2>\n<ul>\n<li>Baile moderno<\/li>\n<li>Comercial dance<\/li>\n<li>Coordinaci\u00f3n<\/li>\n<li>Hip Hop<\/li>\n<li>Tik Tok<\/li>\n<li>Funky<\/li>\n<li>House<\/li>\n<\/ul>\n<p>Para aquellos ni\u00f1os que les gusta vivir la m\u00fasica con intensidad.<\/p>\n<p>Aprender\u00e1n a bailar divirti\u00e9ndose, mejorando su coordinaci\u00f3n y el desarrollo f\u00edsico. Trataran una amplia gama de estilos de baile, donde se trabajar\u00e1 la coordinaci\u00f3n, la lateralidad, la interpretaci\u00f3n y la musicalidad de los movimientos, en un ambiente lleno de cari\u00f1o y apoyo, brind\u00e1ndoles una experiencia enriquecedora y llena de diversi\u00f3n en el mundo de la danza.<\/p>\n<h2>Kids 9 a 11 a\u00f1os<\/h2>\n<ul>\n<li>Baile moderno<\/li>\n<li>Hip, Hop<\/li>\n<li>Comercial dance<\/li>\n<li>Danza urbana<\/li>\n<li>Expresi\u00f3n corporal<\/li>\n<\/ul>\n<p>Esta actividad es para aquellos ni\u00f1os que les gusta<br \/>\nvivir la m\u00fasica con intensidad.<\/p>\n<p>Aprender\u00e1n a bailar los temas y la m\u00fasica comercial m\u00e1s actual. Estilo popular entre los m\u00e1s j\u00f3venes sin encasillarse en un estilo especifico. Nos adaptamos a cualquier alumno mejorando la coordinaci\u00f3n y el desarrollo f\u00edsico. La metodolog\u00eda aplicada permite una amplia gama de experiencias, lo que contribuye a incrementar la autoestima, interactuar con otros ni\u00f1os y compartir un inter\u00e9s com\u00fan.<\/p>\n<h2>Teens 12 a 14 a\u00f1os<\/h2>\n<ul>\n<li>Baile moderno<\/li>\n<li>Hip Hop<\/li>\n<li>Danza urbana<\/li>\n<li>Danza Jazz<\/li>\n<li>Comercial dance<\/li>\n<\/ul>\n<p>Bailar en el mejor ambiente. Para aquellos ni\u00f1os que les guste vivir y sentir la m\u00fasica con m\u00e1s intensidad.<\/p>\n<p>Amplia gama de estilos en la misma clase.<\/p>\n<p>Aprender\u00e1n a bailar los temas y la m\u00fasica comercial m\u00e1s actuales.<\/p>\n<p>Nuestros alumnos sientan que en pocas clases bailan y eso les hace sentir bien.<\/p>\n<p>Aprender\u00e1n diferentes coreograf\u00edas mientras trabajan en la perdida de su timidez, de su verg\u00fcenza, adquiriendo el esp\u00edritu de equipo y haciendo nuevas amistades en un ambiente familiar, anim\u00e1ndoles siempre a integrar la danza en su d\u00eda a d\u00eda, no olvidando su prioridad (sus estudios).<\/p>\n<h2>Danza Junior 15 a 17 a\u00f1os<\/h2>\n<ul>\n<li>Hip Hop<\/li>\n<li>Comercial dance<\/li>\n<li>Danza urbana<\/li>\n<li>Funky<\/li>\n<li>Coreograf\u00eda<\/li>\n<li>Afrobeat<\/li>\n<\/ul>\n<p>Las clases junior se caracterizan por muy diferentes estilos de baile. Son clases con mucha fuerza y energ\u00eda, dirigidas a j\u00f3venes con ganas de bailar y aprender. Ser constantes y formar parte de un equipo.<\/p>\n<p>Te invito a disfrutar de este mundo m\u00e1gico que es el baile.<\/p>\n<h2>Zumba Kids\u200b<\/h2>\n<p>!Te lo pasar\u00e1s genial en tus clases de Zumba!<\/p>\n<p>Zumba es una actividad de mucho movimiento que no conlleva dificultad de coordinaci\u00f3n, , por lo que es apta para ni\u00f1os y ni\u00f1as que tengan base de baile como los que no la tengan.<\/p>\n<p>En nuestras clases incorporamos aspectos clave que ayudar\u00e1n al desarrollo funcional total del alumnado, como el respeto, el trabajo en equipo, la confianza, la creatividad y la coordinaci\u00f3n.<\/p>\n<p>!Siempre en un ambiente fant\u00e1stico! !An\u00edmate!<\/p>\n<p>&nbsp;<\/p>\n<h2>Adultos<\/h2>\n<h3>Urbanos moderno (cualquier edad)<\/h3>\n<ul>\n<li>Bailes latinos<\/li>\n<li>Zumba<\/li>\n<li>Hip Hop<\/li>\n<li>Comercial dance<\/li>\n<\/ul>\n<p>No solo los ni\u00f1os bailan la m\u00fasica comercial. No importa la edad, ni si tienes base de baile, lo que importa son tus ganas de aprender a bailar los ritmos m\u00e1s modernos y actuales del momento. Adem\u00e1s aumentar\u00e1s tu fuerza muscular, tu flexibilidad y coordinaci\u00f3n. Conocer\u00e1s gente nueva y te divertir\u00e1s bailando. An\u00edmate y saca el bailar\u00edn que llevas dentro.<\/p>\n<h3>Zumba adulto (cualquier edad)<\/h3>\n<p>\u00a1Te lo pasar\u00e1s genial en tus clases de zumba!<\/p>\n<p>Zumba es una actividad de mucho movimiento, que no conlleva dificultad de coordinaci\u00f3n por lo que es apta para adultos de todas las edades, tanto si tienen base de baile como si no. En nuestras clases incorporamos aspectos clave que ayudar\u00e1n al desarrollo funcional total del alumno, como el respeto, el trabajo en equipo, la confianza, la creatividad y la coordinaci\u00f3n. Siempre en un ambiente fant\u00e1stico. !An\u00edmate!<br \/>\nTe invito a disfrutar de este mundo m\u00e1gico que es el baile.<\/p>\n","protected":false},"excerpt":{"rendered":"<p>Baby 3 a 5 a\u00f1os Psicomotricidad Ritmos infantiles Ballet cl\u00e1sico y baile moderno Su objetivo, disfrutar, el nuestro; que sean [&hellip;]<\/p>\n","protected":false},"author":1,"featured_media":0,"parent":0,"menu_order":0,"comment_status":"closed","ping_status":"closed","template":"","meta":{"site-sidebar-layout":"no-sidebar","site-content-layout":"","ast-site-content-layout":"normal-width-container","site-content-style":"boxed","site-sidebar-style":"default","ast-global-header-display":"","ast-banner-title-visibility":"","ast-main-header-display":"","ast-hfb-above-header-display":"","ast-hfb-below-header-display":"","ast-hfb-mobile-header-display":"","site-post-title":"","ast-breadcrumbs-content":"","ast-featured-img":"disabled","footer-sml-layout":"","theme-transparent-header-meta":"default","adv-header-id-meta":"","stick-header-meta":"","header-above-stick-meta":"","header-main-stick-meta":"","header-below-stick-meta":"","astra-migrate-meta-layouts":"set","ast-page-background-enabled":"default","ast-page-background-meta":{"desktop":{"background-color":"var(--ast-global-color-4)","background-image":"","background-repeat":"repeat","background-position":"center center","background-size":"auto","background-attachment":"scroll","background-type":"","background-media":"","overlay-type":"","overlay-color":"","overlay-gradient":""},"tablet":{"background-color":"","background-image":"","background-repeat":"repeat","background-position":"center center","background-size":"auto","background-attachment":"scroll","background-type":"","background-media":"","overlay-type":"","overlay-color":"","overlay-gradient":""},"mobile":{"background-color":"","background-image":"","background-repeat":"repeat","background-position":"center center","background-size":"auto","background-attachment":"scroll","background-type":"","background-media":"","overlay-type":"","overlay-color":"","overlay-gradient":""}},"ast-content-background-meta":{"desktop":{"background-color":"var(--ast-global-color-5)","background-image":"","background-repeat":"repeat","background-position":"center center","background-size":"auto","background-attachment":"scroll","background-type":"","background-media":"","overlay-type":"","overlay-color":"","overlay-gradient":""},"tablet":{"background-color":"var(--ast-global-color-5)","background-image":"","background-repeat":"repeat","background-position":"center center","background-size":"auto","background-attachment":"scroll","background-type":"","background-media":"","overlay-type":"","overlay-color":"","overlay-gradient":""},"mobile":{"background-color":"var(--ast-global-color-5)","background-image":"","background-repeat":"repeat","background-position":"center center","background-size":"auto","background-attachment":"scroll","background-type":"","background-media":"","overlay-type":"","overlay-color":"","overlay-gradient":""}},"footnotes":""},"_links":{"self":[{"href":"https:\/\/estudiodanzacamino.com\/accesible\/wp-json\/wp\/v2\/pages\/66"}],"collection":[{"href":"https:\/\/estudiodanzacamino.com\/accesible\/wp-json\/wp\/v2\/pages"}],"about":[{"href":"https:\/\/estudiodanzacamino.com\/accesible\/wp-json\/wp\/v2\/types\/page"}],"author":[{"embeddable":true,"href":"https:\/\/estudiodanzacamino.com\/accesible\/wp-json\/wp\/v2\/users\/1"}],"replies":[{"embeddable":true,"href":"https:\/\/estudiodanzacamino.com\/accesible\/wp-json\/wp\/v2\/comments?post=66"}],"version-history":[{"count":28,"href":"https:\/\/estudiodanzacamino.com\/accesible\/wp-json\/wp\/v2\/pages\/66\/revisions"}],"predecessor-version":[{"id":385,"href":"https:\/\/estudiodanzacamino.com\/accesible\/wp-json\/wp\/v2\/pages\/66\/revisions\/385"}],"wp:attachment":[{"href":"https:\/\/estudiodanzacamino.com\/accesible\/wp-json\/wp\/v2\/media?parent=66"}],"curies":[{"name":"wp","href":"https:\/\/api.w.org\/{rel}","templated":true}]}}