{"id":99,"date":"2024-01-18T08:20:36","date_gmt":"2024-01-18T08:20:36","guid":{"rendered":"https:\/\/estudiodanzacamino.com\/?page_id=99"},"modified":"2024-03-01T09:56:21","modified_gmt":"2024-03-01T09:56:21","slug":"inicio","status":"publish","type":"page","link":"https:\/\/estudiodanzacamino.com\/accesible\/","title":{"rendered":"Inicio"},"content":{"rendered":"<h2>Estudio de Danza Camino<\/h2>\n<p><span class=\"address-locality\">Avenida Marcelo Celayeta 10 &#8211; 31014 Pamplona<\/span><\/p>\n<blockquote><p>Cada movimiento es un sue\u00f1o y la danza lo hace realidad<\/p><\/blockquote>\n<p><strong>Te Ofrecemos<\/strong><\/p>\n<h3>Cursos de baile y danza<\/h3>\n<p>Danza cl\u00e1sica, danza contempor\u00e1nea, danza moderna, ballet, danza terapia, psicomotricidad, ritmos infantiles, correcci\u00f3n postural, expresi\u00f3n corporal, hip-hop, funky, zumba, sevillanas, teatro musical, bailes latinos, danza del vientre, pilates y estiramientos, recuperaci\u00f3n postparto,&#8230;<\/p>\n<h3>Alquiler de salas<\/h3>\n<p>Adem\u00e1s de nuestra formaci\u00f3n, ofrecemos la posibilidad de alquilar nuestras salas ( 60 m2 y 120 m2) que disponen de un equipamiento de: luz natural y artificial, espejos, barras de danza, equipos de audio, conexi\u00f3n a Internet por WIFI, suelos de parquet<i> <\/i>y c\u00f3modos vestuarios.<\/p>\n<h3>Teatro musical<\/h3>\n<p>Ni\u00f1os j\u00f3venes y adolescentes. S\u00e1bados por la ma\u00f1ana. Clases y horarios seg\u00fan edad. A partir de siete a\u00f1os. Varios talleres, Juegos esc\u00e9nicos, expresi\u00f3n corporal, creaci\u00f3n de historias, Di\u00e1logos, Musica y ritmo, bailar expresar y divertirte. Didirigido a los musicales.<\/p>\n<h2>Actualidad<\/h2>\n<p><a href=\"https:\/\/estudiodanzacamino.com\/accesible\/taller-de-danza\/\">Taller de danza<\/a><\/p>\n<p><a href=\"https:\/\/estudiodanzacamino.com\/accesible\/cursillo-navidenocursillo-navideno-desde-5-anos-a-14-anos\/\">Cursillo navide\u00f1o desde 5 a 14 a\u00f1os<\/a><\/p>\n<p><a href=\"https:\/\/estudiodanzacamino.com\/accesible\/curso-teatro-musical\/\">Curso Teatro Musical<\/a><\/p>\n<p><a href=\"https:\/\/estudiodanzacamino.com\/accesible\/clases-de-zumba\/\">Clases de Zumba<\/a><\/p>\n","protected":false},"excerpt":{"rendered":"<p>Estudio de Danza Camino Avenida Marcelo Celayeta 10 &#8211; 31014 Pamplona Cada movimiento es un sue\u00f1o y la danza lo [&hellip;]<\/p>\n","protected":false},"author":1,"featured_media":0,"parent":0,"menu_order":0,"comment_status":"closed","ping_status":"closed","template":"","meta":{"site-sidebar-layout":"no-sidebar","site-content-layout":"","ast-site-content-layout":"normal-width-container","site-content-style":"boxed","site-sidebar-style":"default","ast-global-header-display":"","ast-banner-title-visibility":"","ast-main-header-display":"","ast-hfb-above-header-display":"","ast-hfb-below-header-display":"","ast-hfb-mobile-header-display":"","site-post-title":"","ast-breadcrumbs-content":"","ast-featured-img":"disabled","footer-sml-layout":"","theme-transparent-header-meta":"default","adv-header-id-meta":"","stick-header-meta":"","header-above-stick-meta":"","header-main-stick-meta":"","header-below-stick-meta":"","astra-migrate-meta-layouts":"set","ast-page-background-enabled":"default","ast-page-background-meta":{"desktop":{"background-color":"var(--ast-global-color-4)","background-image":"","background-repeat":"repeat","background-position":"center center","background-size":"auto","background-attachment":"scroll","background-type":"","background-media":"","overlay-type":"","overlay-color":"","overlay-gradient":""},"tablet":{"background-color":"","background-image":"","background-repeat":"repeat","background-position":"center center","background-size":"auto","background-attachment":"scroll","background-type":"","background-media":"","overlay-type":"","overlay-color":"","overlay-gradient":""},"mobile":{"background-color":"","background-image":"","background-repeat":"repeat","background-position":"center center","background-size":"auto","background-attachment":"scroll","background-type":"","background-media":"","overlay-type":"","overlay-color":"","overlay-gradient":""}},"ast-content-background-meta":{"desktop":{"background-color":"var(--ast-global-color-5)","background-image":"","background-repeat":"repeat","background-position":"center center","background-size":"auto","background-attachment":"scroll","background-type":"","background-media":"","overlay-type":"","overlay-color":"","overlay-gradient":""},"tablet":{"background-color":"var(--ast-global-color-5)","background-image":"","background-repeat":"repeat","background-position":"center center","background-size":"auto","background-attachment":"scroll","background-type":"","background-media":"","overlay-type":"","overlay-color":"","overlay-gradient":""},"mobile":{"background-color":"var(--ast-global-color-5)","background-image":"","background-repeat":"repeat","background-position":"center center","background-size":"auto","background-attachment":"scroll","background-type":"","background-media":"","overlay-type":"","overlay-color":"","overlay-gradient":""}},"footnotes":""},"_links":{"self":[{"href":"https:\/\/estudiodanzacamino.com\/accesible\/wp-json\/wp\/v2\/pages\/99"}],"collection":[{"href":"https:\/\/estudiodanzacamino.com\/accesible\/wp-json\/wp\/v2\/pages"}],"about":[{"href":"https:\/\/estudiodanzacamino.com\/accesible\/wp-json\/wp\/v2\/types\/page"}],"author":[{"embeddable":true,"href":"https:\/\/estudiodanzacamino.com\/accesible\/wp-json\/wp\/v2\/users\/1"}],"replies":[{"embeddable":true,"href":"https:\/\/estudiodanzacamino.com\/accesible\/wp-json\/wp\/v2\/comments?post=99"}],"version-history":[{"count":77,"href":"https:\/\/estudiodanzacamino.com\/accesible\/wp-json\/wp\/v2\/pages\/99\/revisions"}],"predecessor-version":[{"id":398,"href":"https:\/\/estudiodanzacamino.com\/accesible\/wp-json\/wp\/v2\/pages\/99\/revisions\/398"}],"wp:attachment":[{"href":"https:\/\/estudiodanzacamino.com\/accesible\/wp-json\/wp\/v2\/media?parent=99"}],"curies":[{"name":"wp","href":"https:\/\/api.w.org\/{rel}","templated":true}]}}